{"id":1688,"date":"2022-03-08T12:08:30","date_gmt":"2022-03-08T11:08:30","guid":{"rendered":"https:\/\/www.studiobrancaleone.it\/news\/newsletter\/"},"modified":"2026-04-17T18:05:36","modified_gmt":"2026-04-17T16:05:36","slug":"newsletter","status":"publish","type":"page","link":"https:\/\/www.studiobrancaleone.it\/news\/newsletter\/","title":{"rendered":"Newsletter"},"content":{"rendered":"\n<div class=\"wp-block-uagb-image uagb-block-1148dc1f wp-block-uagb-image--layout-default wp-block-uagb-image--effect-static wp-block-uagb-image--align-none\"><figure class=\"wp-block-uagb-image__figure\"><img decoding=\"async\" srcset=\"https:\/\/www.studiobrancaleone.it\/news\/wp-content\/uploads\/2023\/02\/Newsletter.jpg ,https:\/\/www.studiobrancaleone.it\/news\/wp-content\/uploads\/2023\/02\/Newsletter.jpg 780w, https:\/\/www.studiobrancaleone.it\/news\/wp-content\/uploads\/2023\/02\/Newsletter.jpg 360w\" sizes=\"auto, (max-width: 480px) 150px\" src=\"https:\/\/www.studiobrancaleone.it\/news\/wp-content\/uploads\/2023\/02\/Newsletter.jpg\" alt=\"newsletter\" class=\"uag-image-7954\" width=\"348\" height=\"184\" title=\"Newsletter\" loading=\"lazy\" role=\"img\"\/><\/figure><\/div>\n\n\n\n<p>La Newsletter di Studio Brancaleone per essere sempre informati sulle notizie, la normativa, i finanziamenti e le segnalazioni di <strong>StudioBrancaleone.it<\/strong>: l&#8217;appuntamento con le principali novit\u00e0 della normativa nazionale, comunitaria e regionale, nonch\u00e9 i finanziamenti sui temi dell&#8217;ambiente, qualit\u00e0, sicurezza, ecc.. recapitate direttamente al vostro indirizzo di posta elettronica.<\/p>\n\n\n\n<p>Leggi alcune precedenti Newsletter di <strong>StudioBrancaleone.it<\/strong><\/p>\n\n\n\n<ul class=\"wp-block-list\">\n<li><a href=\"https:\/\/www.studiobrancaleone.it\/lex\/Newsletter-31-marzo-2026.pdf\" target=\"_blank\" rel=\"noreferrer noopener\">Newsl. 31 marzo 2026<\/a><\/li>\n\n\n\n<li><a href=\"https:\/\/www.studiobrancaleone.it\/lex\/Newsletter-24-marzo-2026.pdf\" target=\"_blank\" rel=\"noreferrer noopener\">Newsl. 24 marzo 2026<\/a><\/li>\n\n\n\n<li><a href=\"https:\/\/www.studiobrancaleone.it\/lex\/Newsletter-17-marzo-2026.pdf\" target=\"_blank\" rel=\"noreferrer noopener\">Newsl. 17 marzo 2026<\/a><\/li>\n\n\n\n<li><a href=\"https:\/\/www.studiobrancaleone.it\/lex\/Newsletter-10-marzo-2026.pdf\" target=\"_blank\" rel=\"noreferrer noopener\">Newsl. 10 marzo 2026<\/a><\/li>\n\n\n\n<li><a href=\"https:\/\/www.studiobrancaleone.it\/lex\/Newsletter-3-marzo-2026.pdf\" target=\"_blank\" rel=\"noreferrer noopener\">Newsl. 3 marzo 2026<\/a><\/li>\n<\/ul>\n\n\n\n<p>Se invece vuoi rimanere aggiornato con le ultime novit\u00e0, iscriviti:<\/p>\n\n\n<p><div class=\"tnp tnp-subscription \">\n<form method=\"post\" action=\"https:\/\/www.studiobrancaleone.it\/news\/wp-admin\/admin-ajax.php?action=tnp&amp;na=s\">\n<input type=\"hidden\" name=\"nlang\" value=\"\">\n<div class=\"tnp-field tnp-field-email\"><label for=\"tnp-1\">Email<\/label>\n<input class=\"tnp-email\" type=\"email\" name=\"ne\" id=\"tnp-1\" value=\"\" placeholder=\"\" required><\/div>\n<div class=\"tnp-field tnp-privacy-field\"><label><input type=\"checkbox\" name=\"ny\" required class=\"tnp-privacy\"> Procedendo accetti la privacy policy<\/label><\/div><div class=\"tnp-field tnp-field-button\" style=\"text-align: left\"><input class=\"tnp-submit\" type=\"submit\" value=\"Iscriviti\" style=\"\">\n<\/div>\n<\/form>\n<\/div>\n<\/p>\n\n\n<p><strong>Informativa per la Privacy<\/strong> (Reg. UE 2016\/679):&nbsp; I dati da lei rilasciati saranno utilizzati dallo STUDIO BRANCALEONE, esclusivamente con la finalit\u00e0 di fornire il servizio richiesto. E&#8217; garantita la sicurezza e riservatezza dei dati personali che non saranno oggetto di comunicazione o diffusione a terzi e potranno essere utilizzati solo per informarla sulle nostre iniziative. \u00c8 suo diritto ottenerne gratuitamente il controllo, l&#8217;aggiornamento, la rettifica, l&#8217;integrazione o la cancellazione e di opporsi al loro trattamento.<\/p>\n\n\n\n<p><\/p>\n","protected":false},"excerpt":{"rendered":"<p>La Newsletter di Studio Brancaleone per essere sempre informati sulle notizie, la normativa, i finanziamenti e le segnalazioni di StudioBrancaleone.it: l&#8217;appuntamento con le principali novit\u00e0 della normativa nazionale, comunitaria e regionale, nonch\u00e9 i finanziamenti sui temi dell&#8217;ambiente, qualit\u00e0, sicurezza, ecc.. recapitate direttamente al vostro indirizzo di posta elettronica. Leggi alcune precedenti Newsletter di StudioBrancaleone.it Se [&hellip;]<\/p>\n","protected":false},"author":1,"featured_media":0,"parent":0,"menu_order":0,"comment_status":"closed","ping_status":"closed","template":"","meta":{"_uag_custom_page_level_css":"","site-sidebar-layout":"default","site-content-layout":"","ast-site-content-layout":"default","site-content-style":"default","site-sidebar-style":"default","ast-global-header-display":"","ast-banner-title-visibility":"","ast-main-header-display":"","ast-hfb-above-header-display":"","ast-hfb-below-header-display":"","ast-hfb-mobile-header-display":"","site-post-title":"","ast-breadcrumbs-content":"","ast-featured-img":"","footer-sml-layout":"","ast-disable-related-posts":"","theme-transparent-header-meta":"","adv-header-id-meta":"","stick-header-meta":"","header-above-stick-meta":"","header-main-stick-meta":"","header-below-stick-meta":"","astra-migrate-meta-layouts":"set","ast-page-background-enabled":"default","ast-page-background-meta":{"desktop":{"background-color":"var(--ast-global-color-4)","background-image":"","background-repeat":"repeat","background-position":"center center","background-size":"auto","background-attachment":"scroll","background-type":"","background-media":"","overlay-type":"","overlay-color":"","overlay-opacity":"","overlay-gradient":""},"tablet":{"background-color":"","background-image":"","background-repeat":"repeat","background-position":"center center","background-size":"auto","background-attachment":"scroll","background-type":"","background-media":"","overlay-type":"","overlay-color":"","overlay-opacity":"","overlay-gradient":""},"mobile":{"background-color":"","background-image":"","background-repeat":"repeat","background-position":"center center","background-size":"auto","background-attachment":"scroll","background-type":"","background-media":"","overlay-type":"","overlay-color":"","overlay-opacity":"","overlay-gradient":""}},"ast-content-background-meta":{"desktop":{"background-color":"var(--ast-global-color-5)","background-image":"","background-repeat":"repeat","background-position":"center center","background-size":"auto","background-attachment":"scroll","background-type":"","background-media":"","overlay-type":"","overlay-color":"","overlay-opacity":"","overlay-gradient":""},"tablet":{"background-color":"var(--ast-global-color-5)","background-image":"","background-repeat":"repeat","background-position":"center center","background-size":"auto","background-attachment":"scroll","background-type":"","background-media":"","overlay-type":"","overlay-color":"","overlay-opacity":"","overlay-gradient":""},"mobile":{"background-color":"var(--ast-global-color-5)","background-image":"","background-repeat":"repeat","background-position":"center center","background-size":"auto","background-attachment":"scroll","background-type":"","background-media":"","overlay-type":"","overlay-color":"","overlay-opacity":"","overlay-gradient":""}},"footnotes":""},"categories":[],"tags":[],"class_list":["post-1688","page","type-page","status-publish","hentry"],"yoast_head":"<!-- This site is optimized with the Yoast SEO plugin v27.5 - https:\/\/yoast.com\/product\/yoast-seo-wordpress\/ -->\r\n<title>Newsletter &#060; Studio Brancaleone<\/title>\r\n<meta name=\"description\" content=\"Newsletter Studio Brancaleone: le notizie, la normativa, i finanziamenti e le segnalazioni di StudioBrancaleone.it\" \/>\r\n<meta name=\"robots\" content=\"index, follow, max-snippet:-1, max-image-preview:large, max-video-preview:-1\" \/>\r\n<link rel=\"canonical\" href=\"https:\/\/www.studiobrancaleone.it\/news\/newsletter\/\" \/>\r\n<meta property=\"og:locale\" content=\"it_IT\" \/>\r\n<meta property=\"og:type\" content=\"article\" \/>\r\n<meta property=\"og:title\" content=\"Newsletter &#060; Studio Brancaleone\" \/>\r\n<meta property=\"og:description\" content=\"Newsletter Studio Brancaleone: le notizie, la normativa, i finanziamenti e le segnalazioni di StudioBrancaleone.it\" \/>\r\n<meta property=\"og:url\" content=\"https:\/\/www.studiobrancaleone.it\/news\/newsletter\/\" \/>\r\n<meta property=\"og:site_name\" content=\"Studio Brancaleone\" \/>\r\n<meta property=\"article:modified_time\" content=\"2026-04-17T16:05:36+00:00\" \/>\r\n<meta property=\"og:image\" content=\"https:\/\/www.studiobrancaleone.it\/news\/wp-content\/uploads\/2023\/02\/Newsletter.jpg\" \/>\r\n<meta name=\"twitter:card\" content=\"summary_large_image\" \/>\r\n<meta name=\"twitter:label1\" content=\"Tempo di lettura stimato\" \/>\n\t<meta name=\"twitter:data1\" content=\"2 minuti\" \/>\r\n<script type=\"application\/ld+json\" class=\"yoast-schema-graph\">{\"@context\":\"https:\\\/\\\/schema.org\",\"@graph\":[{\"@type\":\"WebPage\",\"@id\":\"https:\\\/\\\/www.studiobrancaleone.it\\\/news\\\/newsletter\\\/\",\"url\":\"https:\\\/\\\/www.studiobrancaleone.it\\\/news\\\/newsletter\\\/\",\"name\":\"Newsletter &#060; Studio Brancaleone\",\"isPartOf\":{\"@id\":\"https:\\\/\\\/www.studiobrancaleone.it\\\/news\\\/#website\"},\"primaryImageOfPage\":{\"@id\":\"https:\\\/\\\/www.studiobrancaleone.it\\\/news\\\/newsletter\\\/#primaryimage\"},\"image\":{\"@id\":\"https:\\\/\\\/www.studiobrancaleone.it\\\/news\\\/newsletter\\\/#primaryimage\"},\"thumbnailUrl\":\"https:\\\/\\\/www.studiobrancaleone.it\\\/news\\\/wp-content\\\/uploads\\\/2023\\\/02\\\/Newsletter.jpg\",\"datePublished\":\"2022-03-08T11:08:30+00:00\",\"dateModified\":\"2026-04-17T16:05:36+00:00\",\"description\":\"Newsletter Studio Brancaleone: le notizie, la normativa, i finanziamenti e le segnalazioni di StudioBrancaleone.it\",\"breadcrumb\":{\"@id\":\"https:\\\/\\\/www.studiobrancaleone.it\\\/news\\\/newsletter\\\/#breadcrumb\"},\"inLanguage\":\"it-IT\",\"potentialAction\":[{\"@type\":\"ReadAction\",\"target\":[\"https:\\\/\\\/www.studiobrancaleone.it\\\/news\\\/newsletter\\\/\"]}]},{\"@type\":\"ImageObject\",\"inLanguage\":\"it-IT\",\"@id\":\"https:\\\/\\\/www.studiobrancaleone.it\\\/news\\\/newsletter\\\/#primaryimage\",\"url\":\"https:\\\/\\\/www.studiobrancaleone.it\\\/news\\\/wp-content\\\/uploads\\\/2023\\\/02\\\/Newsletter.jpg\",\"contentUrl\":\"https:\\\/\\\/www.studiobrancaleone.it\\\/news\\\/wp-content\\\/uploads\\\/2023\\\/02\\\/Newsletter.jpg\",\"width\":348,\"height\":184,\"caption\":\"newsletter\"},{\"@type\":\"BreadcrumbList\",\"@id\":\"https:\\\/\\\/www.studiobrancaleone.it\\\/news\\\/newsletter\\\/#breadcrumb\",\"itemListElement\":[{\"@type\":\"ListItem\",\"position\":1,\"name\":\"Home\",\"item\":\"https:\\\/\\\/www.studiobrancaleone.it\\\/news\\\/\"},{\"@type\":\"ListItem\",\"position\":2,\"name\":\"Newsletter\"}]},{\"@type\":\"WebSite\",\"@id\":\"https:\\\/\\\/www.studiobrancaleone.it\\\/news\\\/#website\",\"url\":\"https:\\\/\\\/www.studiobrancaleone.it\\\/news\\\/\",\"name\":\"Studio Brancaleone\",\"description\":\"Notizie giuridiche aggiornate regolarmente\",\"publisher\":{\"@id\":\"https:\\\/\\\/www.studiobrancaleone.it\\\/news\\\/#organization\"},\"potentialAction\":[{\"@type\":\"SearchAction\",\"target\":{\"@type\":\"EntryPoint\",\"urlTemplate\":\"https:\\\/\\\/www.studiobrancaleone.it\\\/news\\\/?s={search_term_string}\"},\"query-input\":{\"@type\":\"PropertyValueSpecification\",\"valueRequired\":true,\"valueName\":\"search_term_string\"}}],\"inLanguage\":\"it-IT\"},{\"@type\":\"Organization\",\"@id\":\"https:\\\/\\\/www.studiobrancaleone.it\\\/news\\\/#organization\",\"name\":\"Studio Brancaleone\",\"url\":\"https:\\\/\\\/www.studiobrancaleone.it\\\/news\\\/\",\"logo\":{\"@type\":\"ImageObject\",\"inLanguage\":\"it-IT\",\"@id\":\"https:\\\/\\\/www.studiobrancaleone.it\\\/news\\\/#\\\/schema\\\/logo\\\/image\\\/\",\"url\":\"https:\\\/\\\/www.studiobrancaleone.it\\\/news\\\/wp-content\\\/uploads\\\/2025\\\/02\\\/Testata-sito-scaled.webp\",\"contentUrl\":\"https:\\\/\\\/www.studiobrancaleone.it\\\/news\\\/wp-content\\\/uploads\\\/2025\\\/02\\\/Testata-sito-scaled.webp\",\"width\":2560,\"height\":481,\"caption\":\"Studio Brancaleone\"},\"image\":{\"@id\":\"https:\\\/\\\/www.studiobrancaleone.it\\\/news\\\/#\\\/schema\\\/logo\\\/image\\\/\"}}]}<\/script>\r\n<!-- \/ Yoast SEO plugin. -->","yoast_head_json":{"title":"Newsletter &#060; Studio Brancaleone","description":"Newsletter Studio Brancaleone: le notizie, la normativa, i finanziamenti e le segnalazioni di StudioBrancaleone.it","robots":{"index":"index","follow":"follow","max-snippet":"max-snippet:-1","max-image-preview":"max-image-preview:large","max-video-preview":"max-video-preview:-1"},"canonical":"https:\/\/www.studiobrancaleone.it\/news\/newsletter\/","og_locale":"it_IT","og_type":"article","og_title":"Newsletter &#060; Studio Brancaleone","og_description":"Newsletter Studio Brancaleone: le notizie, la normativa, i finanziamenti e le segnalazioni di StudioBrancaleone.it","og_url":"https:\/\/www.studiobrancaleone.it\/news\/newsletter\/","og_site_name":"Studio Brancaleone","article_modified_time":"2026-04-17T16:05:36+00:00","og_image":[{"url":"https:\/\/www.studiobrancaleone.it\/news\/wp-content\/uploads\/2023\/02\/Newsletter.jpg","type":"","width":"","height":""}],"twitter_card":"summary_large_image","twitter_misc":{"Tempo di lettura stimato":"2 minuti"},"schema":{"@context":"https:\/\/schema.org","@graph":[{"@type":"WebPage","@id":"https:\/\/www.studiobrancaleone.it\/news\/newsletter\/","url":"https:\/\/www.studiobrancaleone.it\/news\/newsletter\/","name":"Newsletter &#060; Studio Brancaleone","isPartOf":{"@id":"https:\/\/www.studiobrancaleone.it\/news\/#website"},"primaryImageOfPage":{"@id":"https:\/\/www.studiobrancaleone.it\/news\/newsletter\/#primaryimage"},"image":{"@id":"https:\/\/www.studiobrancaleone.it\/news\/newsletter\/#primaryimage"},"thumbnailUrl":"https:\/\/www.studiobrancaleone.it\/news\/wp-content\/uploads\/2023\/02\/Newsletter.jpg","datePublished":"2022-03-08T11:08:30+00:00","dateModified":"2026-04-17T16:05:36+00:00","description":"Newsletter Studio Brancaleone: le notizie, la normativa, i finanziamenti e le segnalazioni di StudioBrancaleone.it","breadcrumb":{"@id":"https:\/\/www.studiobrancaleone.it\/news\/newsletter\/#breadcrumb"},"inLanguage":"it-IT","potentialAction":[{"@type":"ReadAction","target":["https:\/\/www.studiobrancaleone.it\/news\/newsletter\/"]}]},{"@type":"ImageObject","inLanguage":"it-IT","@id":"https:\/\/www.studiobrancaleone.it\/news\/newsletter\/#primaryimage","url":"https:\/\/www.studiobrancaleone.it\/news\/wp-content\/uploads\/2023\/02\/Newsletter.jpg","contentUrl":"https:\/\/www.studiobrancaleone.it\/news\/wp-content\/uploads\/2023\/02\/Newsletter.jpg","width":348,"height":184,"caption":"newsletter"},{"@type":"BreadcrumbList","@id":"https:\/\/www.studiobrancaleone.it\/news\/newsletter\/#breadcrumb","itemListElement":[{"@type":"ListItem","position":1,"name":"Home","item":"https:\/\/www.studiobrancaleone.it\/news\/"},{"@type":"ListItem","position":2,"name":"Newsletter"}]},{"@type":"WebSite","@id":"https:\/\/www.studiobrancaleone.it\/news\/#website","url":"https:\/\/www.studiobrancaleone.it\/news\/","name":"Studio Brancaleone","description":"Notizie giuridiche aggiornate regolarmente","publisher":{"@id":"https:\/\/www.studiobrancaleone.it\/news\/#organization"},"potentialAction":[{"@type":"SearchAction","target":{"@type":"EntryPoint","urlTemplate":"https:\/\/www.studiobrancaleone.it\/news\/?s={search_term_string}"},"query-input":{"@type":"PropertyValueSpecification","valueRequired":true,"valueName":"search_term_string"}}],"inLanguage":"it-IT"},{"@type":"Organization","@id":"https:\/\/www.studiobrancaleone.it\/news\/#organization","name":"Studio Brancaleone","url":"https:\/\/www.studiobrancaleone.it\/news\/","logo":{"@type":"ImageObject","inLanguage":"it-IT","@id":"https:\/\/www.studiobrancaleone.it\/news\/#\/schema\/logo\/image\/","url":"https:\/\/www.studiobrancaleone.it\/news\/wp-content\/uploads\/2025\/02\/Testata-sito-scaled.webp","contentUrl":"https:\/\/www.studiobrancaleone.it\/news\/wp-content\/uploads\/2025\/02\/Testata-sito-scaled.webp","width":2560,"height":481,"caption":"Studio Brancaleone"},"image":{"@id":"https:\/\/www.studiobrancaleone.it\/news\/#\/schema\/logo\/image\/"}}]}},"uagb_featured_image_src":{"full":false,"thumbnail":false,"medium":false,"medium_large":false,"large":false,"1536x1536":false,"2048x2048":false},"uagb_author_info":{"display_name":"Giorgio Ferrari","author_link":"https:\/\/www.studiobrancaleone.it\/news\/author\/giorfer\/"},"uagb_comment_info":0,"uagb_excerpt":"La Newsletter di Studio Brancaleone per essere sempre informati sulle notizie, la normativa, i finanziamenti e le segnalazioni di StudioBrancaleone.it: l&#8217;appuntamento con le principali novit\u00e0 della normativa nazionale, comunitaria e regionale, nonch\u00e9 i finanziamenti sui temi dell&#8217;ambiente, qualit\u00e0, sicurezza, ecc.. recapitate direttamente al vostro indirizzo di posta elettronica. Leggi alcune precedenti Newsletter di StudioBrancaleone.it Se&hellip;","_links":{"self":[{"href":"https:\/\/www.studiobrancaleone.it\/news\/wp-json\/wp\/v2\/pages\/1688","targetHints":{"allow":["GET"]}}],"collection":[{"href":"https:\/\/www.studiobrancaleone.it\/news\/wp-json\/wp\/v2\/pages"}],"about":[{"href":"https:\/\/www.studiobrancaleone.it\/news\/wp-json\/wp\/v2\/types\/page"}],"author":[{"embeddable":true,"href":"https:\/\/www.studiobrancaleone.it\/news\/wp-json\/wp\/v2\/users\/1"}],"replies":[{"embeddable":true,"href":"https:\/\/www.studiobrancaleone.it\/news\/wp-json\/wp\/v2\/comments?post=1688"}],"version-history":[{"count":2,"href":"https:\/\/www.studiobrancaleone.it\/news\/wp-json\/wp\/v2\/pages\/1688\/revisions"}],"predecessor-version":[{"id":19586,"href":"https:\/\/www.studiobrancaleone.it\/news\/wp-json\/wp\/v2\/pages\/1688\/revisions\/19586"}],"wp:attachment":[{"href":"https:\/\/www.studiobrancaleone.it\/news\/wp-json\/wp\/v2\/media?parent=1688"}],"wp:term":[{"taxonomy":"category","embeddable":true,"href":"https:\/\/www.studiobrancaleone.it\/news\/wp-json\/wp\/v2\/categories?post=1688"},{"taxonomy":"post_tag","embeddable":true,"href":"https:\/\/www.studiobrancaleone.it\/news\/wp-json\/wp\/v2\/tags?post=1688"}],"curies":[{"name":"wp","href":"https:\/\/api.w.org\/{rel}","templated":true}]}}